{"id":7378,"date":"2020-10-06T17:19:28","date_gmt":"2020-10-06T15:19:28","guid":{"rendered":"https:\/\/www.vignoblealainrobert.com\/contact\/"},"modified":"2020-10-06T17:28:26","modified_gmt":"2020-10-06T15:28:26","slug":"contact","status":"publish","type":"page","link":"https:\/\/www.vignoblealainrobert.com\/en\/contact\/","title":{"rendered":"Contact"},"content":{"rendered":"<div class=\"wpb-content-wrapper\"><p>[vc_row equal_height=&#8221;&#8221; font_color=&#8221;dark&#8221; shift_y=&#8221;0&#8243; z_index=&#8221;0&#8243;][vc_column width=&#8221;2\/12&#8243;][\/vc_column][vc_column width=&#8221;8\/12&#8243;][vc_column_text css_animation=&#8221;fadeIn&#8221; css_animation_delay=&#8221;200&#8243;]<\/p>\n<h3 style=\"text-align: center;\"><span style=\"font-size: 14pt;\">All year long, we welcome you at the family winery in Chan\u00e7ay.<br \/>\n<\/span><\/h3>\n<p>[\/vc_column_text][\/vc_column][vc_column width=&#8221;2\/12&#8243;][\/vc_column][\/vc_row][vc_row equal_height=&#8221;&#8221; font_color=&#8221;dark&#8221; shift_y=&#8221;0&#8243; z_index=&#8221;0&#8243; css=&#8221;.vc_custom_1564580625779{margin-top: -50px !important;}&#8221;][vc_column width=&#8221;2\/3&#8243;][vc_column_text css_animation=&#8221;fadeIn&#8221; css_animation_delay=&#8221;200&#8243;]<span style=\"font-size: 14pt;\">You have a question? You need some advice before buying wine? You&#8217;d like to know the prices of our wines and how much shipping will cost? Contact us! We will be glad to answer and help you.<br \/>\n <\/span>[\/vc_column_text][vc_custom_heading text=&#8221;Contact form&#8221; font_size=&#8221;16&#8243; text_align=&#8221;left&#8221; font_weight=&#8221;700&#8243;]\n<div class=\"wpcf7 no-js\" id=\"wpcf7-f2222-o1\" lang=\"en-US\" dir=\"ltr\" data-wpcf7-id=\"2222\">\n<div class=\"screen-reader-response\"><p role=\"status\" aria-live=\"polite\" aria-atomic=\"true\"><\/p> <ul><\/ul><\/div>\n<form action=\"\/en\/wp-json\/wp\/v2\/pages\/7378#wpcf7-f2222-o1\" method=\"post\" class=\"wpcf7-form init\" aria-label=\"Contact form\" novalidate=\"novalidate\" data-status=\"init\">\n<fieldset class=\"hidden-fields-container\"><input type=\"hidden\" name=\"_wpcf7\" value=\"2222\" \/><input type=\"hidden\" name=\"_wpcf7_version\" value=\"6.1.5\" \/><input type=\"hidden\" name=\"_wpcf7_locale\" value=\"en_US\" \/><input type=\"hidden\" name=\"_wpcf7_unit_tag\" value=\"wpcf7-f2222-o1\" \/><input type=\"hidden\" name=\"_wpcf7_container_post\" value=\"0\" \/><input type=\"hidden\" name=\"_wpcf7_posted_data_hash\" value=\"\" \/><input type=\"hidden\" name=\"_wpcf7_recaptcha_response\" value=\"\" \/>\n<\/fieldset>\n<div class=\"wpcf7-inline-wrapper\">\n\t<p class=\"wpcf7-inline-field\"><span class=\"wpcf7-form-control-wrap\" data-name=\"your-firstname\"><input size=\"40\" maxlength=\"400\" class=\"wpcf7-form-control wpcf7-text wpcf7-validates-as-required\" aria-required=\"true\" aria-invalid=\"false\" placeholder=\"Nom et Pr\u00e9nom *\" value=\"\" type=\"text\" name=\"your-firstname\" \/><\/span>\n\t<\/p>\n\t<p class=\"wpcf7-inline-field\"><span class=\"wpcf7-form-control-wrap\" data-name=\"your-societe\"><input size=\"40\" maxlength=\"400\" class=\"wpcf7-form-control wpcf7-text\" aria-invalid=\"false\" placeholder=\"Soci\u00e9t\u00e9\" value=\"\" type=\"text\" name=\"your-societe\" \/><\/span>\n\t<\/p>\n<\/div>\n<div class=\"wpcf7-inline-wrapper\">\n\t<p class=\"wpcf7-inline-field\"><span class=\"wpcf7-form-control-wrap\" data-name=\"your-email\"><input size=\"40\" maxlength=\"400\" class=\"wpcf7-form-control wpcf7-email wpcf7-validates-as-required wpcf7-text wpcf7-validates-as-email\" aria-required=\"true\" aria-invalid=\"false\" placeholder=\"E-mail *\" value=\"\" type=\"email\" name=\"your-email\" \/><\/span>\n\t<\/p>\n\t<p class=\"wpcf7-inline-field\"><span class=\"wpcf7-form-control-wrap\" data-name=\"your-phone\"><input size=\"40\" maxlength=\"400\" class=\"wpcf7-form-control wpcf7-text wpcf7-validates-as-required\" aria-required=\"true\" aria-invalid=\"false\" placeholder=\"T\u00e9l\u00e9phone *\" value=\"\" type=\"text\" name=\"your-phone\" \/><\/span>\n\t<\/p>\n<\/div>\n<div class=\"wpcf7-inline-wrapper\">\n\t<p class=\"wpcf7-inline-field\"><span class=\"wpcf7-form-control-wrap\" data-name=\"your-adresse\"><input size=\"40\" maxlength=\"400\" class=\"wpcf7-form-control wpcf7-text\" aria-invalid=\"false\" placeholder=\"Adresse\" value=\"\" type=\"text\" name=\"your-adresse\" \/><\/span>\n\t<\/p>\n\t<p class=\"wpcf7-inline-field\"><span class=\"wpcf7-form-control-wrap\" data-name=\"your-ville\"><input size=\"40\" maxlength=\"400\" class=\"wpcf7-form-control wpcf7-text\" aria-invalid=\"false\" placeholder=\"Code Postal et Ville\" value=\"\" type=\"text\" name=\"your-ville\" \/><\/span>\n\t<\/p>\n<\/div>\n<div class=\"wpcf7-wrapper\">\n\t<p class=\"wpcf7-field\"><span class=\"wpcf7-form-control-wrap\" data-name=\"subject\"><select class=\"wpcf7-form-control wpcf7-select\" aria-invalid=\"false\" name=\"subject\"><option value=\"Je souhaite passer une commande\">Je souhaite passer une commande<\/option><option value=\"Demande d\u2019informations\">Demande d\u2019informations<\/option><option value=\"Demande de tarifs\">Demande de tarifs<\/option><option value=\"Suivi de commande\">Suivi de commande<\/option><\/select><\/span>\n\t<\/p>\n<\/div>\n<p><span class=\"wpcf7-form-control-wrap\" data-name=\"your-message\"><textarea cols=\"40\" rows=\"10\" maxlength=\"2000\" class=\"wpcf7-form-control wpcf7-textarea\" aria-invalid=\"false\" placeholder=\"Message\" name=\"your-message\"><\/textarea><\/span>\n<\/p>\n<p class=\"wpcf7-field-no-margin\">\n<\/p>\n<p><input class=\"wpcf7-form-control wpcf7-submit has-spinner wpcf7-button-fullwidth\" type=\"submit\" value=\"Send\" \/>\n<\/p><div class=\"wpcf7-response-output\" aria-hidden=\"true\"><\/div>\n<\/form>\n<\/div>\n[\/vc_column][vc_column width=&#8221;1\/3&#8243;][vc_custom_heading text=&#8221;Discovery and direct sale of the estate&#8217;s wines:&#8221; font_size=&#8221;16&#8243; text_align=&#8221;left&#8221; font_weight=&#8221;700&#8243; css=&#8221;.vc_custom_1557217515621{margin-bottom: 25px !important;}&#8221;][vc_column_text]<span style=\"font-size: 12pt;\">Our winery is open from Monday to Friday, by appointment : from 9am (9:30am on Saturdays) to 12:00 and from 2:30pm to 6:00pm.<\/span><br \/>\n<span style=\"font-size: 12pt;\">Closed on Sundays and public holidays.<\/span><\/p>\n<p><span style=\"color: #808080; font-size: 12pt;\">Fermetures exceptionnelles<br \/>\n<\/span>[\/vc_column_text][vc_column_text]<strong>Catherine MEDARD &amp; Cyril ROBERT<\/strong><br \/>\nVine-growers and winemakers in Charmigny 37210 Chan\u00e7ay \u2013 France<br \/>\n<strong>Phone: <\/strong>  : +33 (0)2 47 52 97 95<br \/>\n<strong>Email<\/strong> : <a href=\"mailto:cave@vignoblealainrobert.com\">cave@vignoblealainrobert.com<\/a><br \/>\n[GPS : Nord 47\u00b0 26&#8242; 23.7 | Est 0\u00b0 52&#8242; 16.0][\/vc_column_text][wvc_social_icons alignment=&#8221;left&#8221; color=&#8221;white&#8221; css_animation_each=&#8221;true&#8221; css_animation=&#8221;zoomIn&#8221;][\/vc_column][\/vc_row]<\/p>\n<\/div>","protected":false},"excerpt":{"rendered":"<p>[vc_row equal_height=&#8221;&#8221; font_color=&#8221;dark&#8221; shift_y=&#8221;0&#8243; z_index=&#8221;0&#8243;][vc_column width=&#8221;2\/12&#8243;][\/vc_column][vc_column width=&#8221;8\/12&#8243;][vc_column_text css_animation=&#8221;fadeIn&#8221; css_animation_delay=&#8221;200&#8243;] All year long, we welcome you at the family winery in Chan\u00e7ay. [\/vc_column_text][\/vc_column][vc_column width=&#8221;2\/12&#8243;][\/vc_column][\/vc_row][vc_row equal_height=&#8221;&#8221; font_color=&#8221;dark&#8221; shift_y=&#8221;0&#8243; z_index=&#8221;0&#8243; css=&#8221;.vc_custom_1564580625779{margin-top: -50px !important;}&#8221;][vc_column width=&#8221;2\/3&#8243;][vc_column_text css_animation=&#8221;fadeIn&#8221; css_animation_delay=&#8221;200&#8243;]You have a question? You need some advice before buying wine? You&#8217;d like to know the prices of our wines and how much&#8230;<\/p>\n<p><a rel=\"bookmark\" class=\"hares_button_alt wvc-button wvc-button-size-xs\" href=\"https:\/\/www.vignoblealainrobert.com\/en\/contact\/\"><span>Continue reading<\/span><\/a><\/p>\n","protected":false},"author":1,"featured_media":7142,"parent":0,"menu_order":0,"comment_status":"closed","ping_status":"closed","template":"","meta":{"footnotes":""},"class_list":{"0":"post-7378","1":"page","2":"type-page","3":"status-publish","4":"has-post-thumbnail","5":"hentry","6":"entry","7":"clearfix","8":"entry-grid","9":"entry-columns-default","10":"entry-page-module-layout-standard","11":"thumbnail-color-tone-dark","12":"entry-page","14":"entry-page-grid"},"yoast_head":"<!-- This site is optimized with the Yoast SEO plugin v27.3 - https:\/\/yoast.com\/product\/yoast-seo-wordpress\/ -->\n<title>Contact - Vignoble Alain Robert - Vigneron \u00e0 Vouvray<\/title>\n<meta name=\"robots\" content=\"index, follow, max-snippet:-1, max-image-preview:large, max-video-preview:-1\" \/>\n<link rel=\"canonical\" href=\"https:\/\/www.vignoblealainrobert.com\/contact\/?lang=en\" \/>\n<meta property=\"og:locale\" content=\"en_US\" \/>\n<meta property=\"og:type\" content=\"article\" \/>\n<meta property=\"og:title\" content=\"Contact - Vignoble Alain Robert - Vigneron \u00e0 Vouvray\" \/>\n<meta property=\"og:description\" content=\"[vc_row equal_height=&#8221;&#8221; font_color=&#8221;dark&#8221; shift_y=&#8221;0&#8243; z_index=&#8221;0&#8243;][vc_column width=&#8221;2\/12&#8243;][\/vc_column][vc_column width=&#8221;8\/12&#8243;][vc_column_text css_animation=&#8221;fadeIn&#8221; css_animation_delay=&#8221;200&#8243;] All year long, we welcome you at the family winery in Chan\u00e7ay. [\/vc_column_text][\/vc_column][vc_column width=&#8221;2\/12&#8243;][\/vc_column][\/vc_row][vc_row equal_height=&#8221;&#8221; font_color=&#8221;dark&#8221; shift_y=&#8221;0&#8243; z_index=&#8221;0&#8243; css=&#8221;.vc_custom_1564580625779{margin-top: -50px !important;}&#8221;][vc_column width=&#8221;2\/3&#8243;][vc_column_text css_animation=&#8221;fadeIn&#8221; css_animation_delay=&#8221;200&#8243;]You have a question? You need some advice before buying wine? You&#8217;d like to know the prices of our wines and how much...Continue reading\" \/>\n<meta property=\"og:url\" content=\"https:\/\/www.vignoblealainrobert.com\/contact\/?lang=en\" \/>\n<meta property=\"og:site_name\" content=\"Vignoble Alain Robert - Vigneron \u00e0 Vouvray\" \/>\n<meta property=\"article:modified_time\" content=\"2020-10-06T15:28:26+00:00\" \/>\n<meta property=\"og:image\" content=\"https:\/\/www.vignoblealainrobert.com\/wp-content\/uploads\/2019\/04\/automne-3.jpg\" \/>\n\t<meta property=\"og:image:width\" content=\"1200\" \/>\n\t<meta property=\"og:image:height\" content=\"797\" \/>\n\t<meta property=\"og:image:type\" content=\"image\/jpeg\" \/>\n<meta name=\"twitter:card\" content=\"summary_large_image\" \/>\n<meta name=\"twitter:label1\" content=\"Est. reading time\" \/>\n\t<meta name=\"twitter:data1\" content=\"1 minute\" \/>\n<script type=\"application\/ld+json\" class=\"yoast-schema-graph\">{\"@context\":\"https:\\\/\\\/schema.org\",\"@graph\":[{\"@type\":\"WebPage\",\"@id\":\"https:\\\/\\\/www.vignoblealainrobert.com\\\/contact\\\/?lang=en\",\"url\":\"https:\\\/\\\/www.vignoblealainrobert.com\\\/contact\\\/?lang=en\",\"name\":\"Contact - Vignoble Alain Robert - Vigneron \u00e0 Vouvray\",\"isPartOf\":{\"@id\":\"https:\\\/\\\/www.vignoblealainrobert.com\\\/#website\"},\"primaryImageOfPage\":{\"@id\":\"https:\\\/\\\/www.vignoblealainrobert.com\\\/contact\\\/?lang=en#primaryimage\"},\"image\":{\"@id\":\"https:\\\/\\\/www.vignoblealainrobert.com\\\/contact\\\/?lang=en#primaryimage\"},\"thumbnailUrl\":\"https:\\\/\\\/www.vignoblealainrobert.com\\\/wp-content\\\/uploads\\\/2019\\\/04\\\/automne-3.jpg\",\"datePublished\":\"2020-10-06T15:19:28+00:00\",\"dateModified\":\"2020-10-06T15:28:26+00:00\",\"breadcrumb\":{\"@id\":\"https:\\\/\\\/www.vignoblealainrobert.com\\\/contact\\\/?lang=en#breadcrumb\"},\"inLanguage\":\"en-US\",\"potentialAction\":[{\"@type\":\"ReadAction\",\"target\":[\"https:\\\/\\\/www.vignoblealainrobert.com\\\/contact\\\/?lang=en\"]}]},{\"@type\":\"ImageObject\",\"inLanguage\":\"en-US\",\"@id\":\"https:\\\/\\\/www.vignoblealainrobert.com\\\/contact\\\/?lang=en#primaryimage\",\"url\":\"https:\\\/\\\/www.vignoblealainrobert.com\\\/wp-content\\\/uploads\\\/2019\\\/04\\\/automne-3.jpg\",\"contentUrl\":\"https:\\\/\\\/www.vignoblealainrobert.com\\\/wp-content\\\/uploads\\\/2019\\\/04\\\/automne-3.jpg\",\"width\":1200,\"height\":797},{\"@type\":\"BreadcrumbList\",\"@id\":\"https:\\\/\\\/www.vignoblealainrobert.com\\\/contact\\\/?lang=en#breadcrumb\",\"itemListElement\":[{\"@type\":\"ListItem\",\"position\":1,\"name\":\"Accueil\",\"item\":\"https:\\\/\\\/www.vignoblealainrobert.com\\\/en\\\/home\\\/\"},{\"@type\":\"ListItem\",\"position\":2,\"name\":\"Contact\"}]},{\"@type\":\"WebSite\",\"@id\":\"https:\\\/\\\/www.vignoblealainrobert.com\\\/#website\",\"url\":\"https:\\\/\\\/www.vignoblealainrobert.com\\\/\",\"name\":\"Vignoble Alain Robert - Vigneron \u00e0 Vouvray\",\"description\":\"Situ\u00e9 au coeur du Val de Loire, pr\u00e8s d\u2019Amboise, le Vignoble Alain Robert est un domaine familial class\u00e9 en appellation Vouvray, Cr\u00e9mant de Loire et Touraine. La propri\u00e9t\u00e9 propose la visite de ses caves dans le tuffeau, la vente directe de ses vins\u2026\",\"potentialAction\":[{\"@type\":\"SearchAction\",\"target\":{\"@type\":\"EntryPoint\",\"urlTemplate\":\"https:\\\/\\\/www.vignoblealainrobert.com\\\/?s={search_term_string}\"},\"query-input\":{\"@type\":\"PropertyValueSpecification\",\"valueRequired\":true,\"valueName\":\"search_term_string\"}}],\"inLanguage\":\"en-US\"}]}<\/script>\n<!-- \/ Yoast SEO plugin. -->","yoast_head_json":{"title":"Contact - Vignoble Alain Robert - Vigneron \u00e0 Vouvray","robots":{"index":"index","follow":"follow","max-snippet":"max-snippet:-1","max-image-preview":"max-image-preview:large","max-video-preview":"max-video-preview:-1"},"canonical":"https:\/\/www.vignoblealainrobert.com\/contact\/?lang=en","og_locale":"en_US","og_type":"article","og_title":"Contact - Vignoble Alain Robert - Vigneron \u00e0 Vouvray","og_description":"[vc_row equal_height=&#8221;&#8221; font_color=&#8221;dark&#8221; shift_y=&#8221;0&#8243; z_index=&#8221;0&#8243;][vc_column width=&#8221;2\/12&#8243;][\/vc_column][vc_column width=&#8221;8\/12&#8243;][vc_column_text css_animation=&#8221;fadeIn&#8221; css_animation_delay=&#8221;200&#8243;] All year long, we welcome you at the family winery in Chan\u00e7ay. [\/vc_column_text][\/vc_column][vc_column width=&#8221;2\/12&#8243;][\/vc_column][\/vc_row][vc_row equal_height=&#8221;&#8221; font_color=&#8221;dark&#8221; shift_y=&#8221;0&#8243; z_index=&#8221;0&#8243; css=&#8221;.vc_custom_1564580625779{margin-top: -50px !important;}&#8221;][vc_column width=&#8221;2\/3&#8243;][vc_column_text css_animation=&#8221;fadeIn&#8221; css_animation_delay=&#8221;200&#8243;]You have a question? You need some advice before buying wine? You&#8217;d like to know the prices of our wines and how much...Continue reading","og_url":"https:\/\/www.vignoblealainrobert.com\/contact\/?lang=en","og_site_name":"Vignoble Alain Robert - Vigneron \u00e0 Vouvray","article_modified_time":"2020-10-06T15:28:26+00:00","og_image":[{"width":1200,"height":797,"url":"https:\/\/www.vignoblealainrobert.com\/wp-content\/uploads\/2019\/04\/automne-3.jpg","type":"image\/jpeg"}],"twitter_card":"summary_large_image","twitter_misc":{"Est. reading time":"1 minute"},"schema":{"@context":"https:\/\/schema.org","@graph":[{"@type":"WebPage","@id":"https:\/\/www.vignoblealainrobert.com\/contact\/?lang=en","url":"https:\/\/www.vignoblealainrobert.com\/contact\/?lang=en","name":"Contact - Vignoble Alain Robert - Vigneron \u00e0 Vouvray","isPartOf":{"@id":"https:\/\/www.vignoblealainrobert.com\/#website"},"primaryImageOfPage":{"@id":"https:\/\/www.vignoblealainrobert.com\/contact\/?lang=en#primaryimage"},"image":{"@id":"https:\/\/www.vignoblealainrobert.com\/contact\/?lang=en#primaryimage"},"thumbnailUrl":"https:\/\/www.vignoblealainrobert.com\/wp-content\/uploads\/2019\/04\/automne-3.jpg","datePublished":"2020-10-06T15:19:28+00:00","dateModified":"2020-10-06T15:28:26+00:00","breadcrumb":{"@id":"https:\/\/www.vignoblealainrobert.com\/contact\/?lang=en#breadcrumb"},"inLanguage":"en-US","potentialAction":[{"@type":"ReadAction","target":["https:\/\/www.vignoblealainrobert.com\/contact\/?lang=en"]}]},{"@type":"ImageObject","inLanguage":"en-US","@id":"https:\/\/www.vignoblealainrobert.com\/contact\/?lang=en#primaryimage","url":"https:\/\/www.vignoblealainrobert.com\/wp-content\/uploads\/2019\/04\/automne-3.jpg","contentUrl":"https:\/\/www.vignoblealainrobert.com\/wp-content\/uploads\/2019\/04\/automne-3.jpg","width":1200,"height":797},{"@type":"BreadcrumbList","@id":"https:\/\/www.vignoblealainrobert.com\/contact\/?lang=en#breadcrumb","itemListElement":[{"@type":"ListItem","position":1,"name":"Accueil","item":"https:\/\/www.vignoblealainrobert.com\/en\/home\/"},{"@type":"ListItem","position":2,"name":"Contact"}]},{"@type":"WebSite","@id":"https:\/\/www.vignoblealainrobert.com\/#website","url":"https:\/\/www.vignoblealainrobert.com\/","name":"Vignoble Alain Robert - Vigneron \u00e0 Vouvray","description":"Situ\u00e9 au coeur du Val de Loire, pr\u00e8s d\u2019Amboise, le Vignoble Alain Robert est un domaine familial class\u00e9 en appellation Vouvray, Cr\u00e9mant de Loire et Touraine. La propri\u00e9t\u00e9 propose la visite de ses caves dans le tuffeau, la vente directe de ses vins\u2026","potentialAction":[{"@type":"SearchAction","target":{"@type":"EntryPoint","urlTemplate":"https:\/\/www.vignoblealainrobert.com\/?s={search_term_string}"},"query-input":{"@type":"PropertyValueSpecification","valueRequired":true,"valueName":"search_term_string"}}],"inLanguage":"en-US"}]}},"_links":{"self":[{"href":"https:\/\/www.vignoblealainrobert.com\/en\/wp-json\/wp\/v2\/pages\/7378","targetHints":{"allow":["GET"]}}],"collection":[{"href":"https:\/\/www.vignoblealainrobert.com\/en\/wp-json\/wp\/v2\/pages"}],"about":[{"href":"https:\/\/www.vignoblealainrobert.com\/en\/wp-json\/wp\/v2\/types\/page"}],"author":[{"embeddable":true,"href":"https:\/\/www.vignoblealainrobert.com\/en\/wp-json\/wp\/v2\/users\/1"}],"replies":[{"embeddable":true,"href":"https:\/\/www.vignoblealainrobert.com\/en\/wp-json\/wp\/v2\/comments?post=7378"}],"version-history":[{"count":0,"href":"https:\/\/www.vignoblealainrobert.com\/en\/wp-json\/wp\/v2\/pages\/7378\/revisions"}],"wp:featuredmedia":[{"embeddable":true,"href":"https:\/\/www.vignoblealainrobert.com\/en\/wp-json\/wp\/v2\/media\/7142"}],"wp:attachment":[{"href":"https:\/\/www.vignoblealainrobert.com\/en\/wp-json\/wp\/v2\/media?parent=7378"}],"curies":[{"name":"wp","href":"https:\/\/api.w.org\/{rel}","templated":true}]}}