{"id":7315,"date":"2020-10-06T17:13:25","date_gmt":"2020-10-06T15:13:25","guid":{"rendered":"https:\/\/www.vignoblealainrobert.com\/wine-tourism\/"},"modified":"2020-10-06T17:13:31","modified_gmt":"2020-10-06T15:13:31","slug":"wine-tourism","status":"publish","type":"page","link":"https:\/\/www.vignoblealainrobert.com\/en\/wine-tourism\/","title":{"rendered":"Wine tourism"},"content":{"rendered":"<div class=\"wpb-content-wrapper\"><p>[vc_row equal_height=&#8221;&#8221; font_color=&#8221;dark&#8221; background_type=&#8221;image&#8221; background_img=&#8221;4232&#8243; background_repeat=&#8221;repeat&#8221; background_size=&#8221;default&#8221; shift_y=&#8221;0&#8243; z_index=&#8221;0&#8243; row_name=&#8221;Pricing&#8221;][vc_column][vc_row_inner equal_height=&#8221;yes&#8221; gap=&#8221;80&#8243;][vc_column_inner width=&#8221;1\/2&#8243;][vc_gallery type=&#8221;carousel&#8221; slides_per_view=&#8221;1&#8243; img_padding=&#8221;no&#8221; slideshow_speed=&#8221;6000&#8243; images=&#8221;7340,7350,7338,7336&#8243;][\/vc_column_inner][vc_column_inner width=&#8221;1\/2&#8243;][vc_column_text css_animation=&#8221;fadeIn&#8221; css_animation_delay=&#8221;200&#8243; css=&#8221;.vc_custom_1562164711582{margin-bottom: 15px !important;}&#8221;]<\/p>\n<h3>A ROCK-HEWN CELLAR<br \/>\nA FAMILY WINERY<\/h3>\n<p>[\/vc_column_text][vc_column_text]We will be delighted to welcome you at the winery, to have you taste our wines and share our passion with you, in a family and friendly environment. Please make an appointment before your visit.<\/p>\n<p>Every year, at the beginning of May, we organize an open-house weekend. Tours of the winery and cellar, wine tasting workshops and walks in the vineyard are scheduled. A few local producers are also invited to sell their production (foie gras, honey, snails, goat cheese&#8230;)<\/p>\n<p>&nbsp;<\/p>\n<p><img loading=\"lazy\" decoding=\"async\" class=\"wp-image-7318 alignleft\" style=\"margin-top: 0px\" src=\"https:\/\/www.vignoblealainrobert.com\/wp-content\/uploads\/2019\/07\/cave-touristique-300x201.jpg\" alt=\"Cave touristique\" width=\"88\" height=\"59\" srcset=\"https:\/\/www.vignoblealainrobert.com\/wp-content\/uploads\/2019\/07\/cave-touristique-300x201.jpg 300w, https:\/\/www.vignoblealainrobert.com\/wp-content\/uploads\/2019\/07\/cave-touristique.jpg 400w\" sizes=\"auto, (max-width: 88px) 100vw, 88px\" \/><img loading=\"lazy\" decoding=\"async\" class=\"alignnone size-medium wp-image-7320\" src=\"https:\/\/www.vignoblealainrobert.com\/wp-content\/uploads\/2019\/07\/france-passion-300x201.jpg\" alt=\"France Passion\" width=\"88\" height=\"59\" srcset=\"https:\/\/www.vignoblealainrobert.com\/wp-content\/uploads\/2019\/07\/france-passion-300x201.jpg 300w, https:\/\/www.vignoblealainrobert.com\/wp-content\/uploads\/2019\/07\/france-passion.jpg 400w\" sizes=\"auto, (max-width: 88px) 100vw, 88px\" \/>[\/vc_column_text][\/vc_column_inner][\/vc_row_inner][\/vc_column][\/vc_row][vc_row columns_placement=&#8221;middle&#8221; equal_height=&#8221;yes&#8221; background_type=&#8221;image&#8221; background_color=&#8221;custom&#8221; background_img_lazyload=&#8221;1&#8243; shift_y=&#8221;0&#8243; z_index=&#8221;0&#8243; el_class=&#8221;painted-top painted-bottom&#8221; background_custom_color=&#8221;#959652&#8243;][vc_column width=&#8221;1\/2&#8243;][vc_column_text]<img loading=\"lazy\" decoding=\"async\" class=\" wp-image-7322 alignleft\" src=\"https:\/\/www.vignoblealainrobert.com\/wp-content\/uploads\/2019\/05\/logo-rdv-vignes.png\" alt=\"\" width=\"181\" height=\"80\">[\/vc_column_text][vc_column_text]All year long Myriam, Cyril&#8217;s wife, offers you to live a complete wine experience at the heart of our family winery by joining one of her wine tours: walks in the vineyard, wine tastings amidst the vines, guided tour of the winery and rock-hewn cellar, pruning and harvest workshops\u2026 Whether your are beginners or wine amateurs, a couple or a family with children\u2026 there&#8217;s a wine tour or wine activity for everyone!<\/p>\n<p>For more information, visit Myriam&#8217;s <a href=\"https:\/\/www.rdvdanslesvignes.com\/\" target=\"_blank\" rel=\"noopener noreferrer\">website<\/a> or contact her:<br \/>\nTel. : +33 (0)6 52 16 97 07 | E-mail : <a href=\"mailto:rdvdanslesvignes@gmail.com\">rdvdanslesvignes@gmail.com<\/a>[\/vc_column_text][vc_empty_space height=&#8221;25px&#8221;][\/vc_column][vc_column content_placement=&#8221;middle&#8221; width=&#8221;1\/2&#8243; shift_x=&#8221;0&#8243; shift_y=&#8221;0&#8243; z_index=&#8221;0&#8243;][vc_empty_space height=&#8221;40px&#8221;][vc_single_image image=&#8221;7326&#8243; full_width=&#8221;1&#8243; alignment=&#8221;right&#8221; onclick=&#8221;custom_link&#8221; opacity=&#8221;100&#8243; animated_svg=&#8221;&#8221; max_width=&#8221;48px&#8221; link=&#8221;url:https%3A%2F%2Fwww.loire-wine-tours.com%2F||target:%20_blank|&#8221;][vc_gallery type=&#8221;carousel&#8221; slides_per_view=&#8221;1&#8243; img_padding=&#8221;no&#8221; slideshow_speed=&#8221;6000&#8243; images=&#8221;7332,7328,7342,7356,7330,7334&#8243;][\/vc_column][\/vc_row][vc_row equal_height=&#8221;&#8221; font_color=&#8221;dark&#8221; background_type=&#8221;image&#8221; background_img=&#8221;4232&#8243; background_repeat=&#8221;repeat&#8221; background_size=&#8221;default&#8221; background_img_lazyload=&#8221;1&#8243; shift_y=&#8221;0&#8243; z_index=&#8221;0&#8243; row_name=&#8221;Quote&#8221; el_class=&#8221;painted-top&#8221; css=&#8221;.vc_custom_1559054923651{padding-top: 70px !important;padding-bottom: 70px !important;}&#8221;][vc_column][vc_custom_heading text=&#8221;ENJOY WINE TOURS AND WINE TASTINGS IN THE VOUVRAY VINEYARD&#8221; font_size=&#8221;24&#8243; font_weight=&#8221;700&#8243; css_animation=&#8221;fadeIn&#8221; css_animation_delay=&#8221;200&#8243;][\/vc_column][\/vc_row]<\/p>\n<\/div>","protected":false},"excerpt":{"rendered":"<p>[vc_row equal_height=&#8221;&#8221; font_color=&#8221;dark&#8221; background_type=&#8221;image&#8221; background_img=&#8221;4232&#8243; background_repeat=&#8221;repeat&#8221; background_size=&#8221;default&#8221; shift_y=&#8221;0&#8243; z_index=&#8221;0&#8243; row_name=&#8221;Pricing&#8221;][vc_column][vc_row_inner equal_height=&#8221;yes&#8221; gap=&#8221;80&#8243;][vc_column_inner width=&#8221;1\/2&#8243;][vc_gallery type=&#8221;carousel&#8221; slides_per_view=&#8221;1&#8243; img_padding=&#8221;no&#8221; slideshow_speed=&#8221;6000&#8243; images=&#8221;7340,7350,7338,7336&#8243;][\/vc_column_inner][vc_column_inner width=&#8221;1\/2&#8243;][vc_column_text css_animation=&#8221;fadeIn&#8221; css_animation_delay=&#8221;200&#8243; css=&#8221;.vc_custom_1562164711582{margin-bottom: 15px !important;}&#8221;] A ROCK-HEWN CELLAR A FAMILY WINERY [\/vc_column_text][vc_column_text]We will be delighted to welcome you at the winery, to have you taste our wines and share our passion with you, in a family&#8230;<\/p>\n<p><a rel=\"bookmark\" class=\"hares_button_alt wvc-button wvc-button-size-xs\" href=\"https:\/\/www.vignoblealainrobert.com\/en\/wine-tourism\/\"><span>Continue reading<\/span><\/a><\/p>\n","protected":false},"author":1,"featured_media":7324,"parent":0,"menu_order":0,"comment_status":"closed","ping_status":"closed","template":"","meta":{"footnotes":""},"class_list":{"0":"post-7315","1":"page","2":"type-page","3":"status-publish","4":"has-post-thumbnail","5":"hentry","6":"entry","7":"clearfix","8":"entry-grid","9":"entry-columns-default","10":"entry-page-module-layout-standard","11":"thumbnail-color-tone-dark","12":"metro-landscape","13":"entry-page","15":"entry-page-grid"},"yoast_head":"<!-- This site is optimized with the Yoast SEO plugin v27.3 - https:\/\/yoast.com\/product\/yoast-seo-wordpress\/ -->\n<title>Wine tourism - Vignoble Alain Robert - Vigneron \u00e0 Vouvray<\/title>\n<meta name=\"robots\" content=\"index, follow, max-snippet:-1, max-image-preview:large, max-video-preview:-1\" \/>\n<link rel=\"canonical\" href=\"https:\/\/www.vignoblealainrobert.com\/wine-tourism\/?lang=en\" \/>\n<meta property=\"og:locale\" content=\"en_US\" \/>\n<meta property=\"og:type\" content=\"article\" \/>\n<meta property=\"og:title\" content=\"Wine tourism - Vignoble Alain Robert - Vigneron \u00e0 Vouvray\" \/>\n<meta property=\"og:description\" content=\"[vc_row equal_height=&#8221;&#8221; font_color=&#8221;dark&#8221; background_type=&#8221;image&#8221; background_img=&#8221;4232&#8243; background_repeat=&#8221;repeat&#8221; background_size=&#8221;default&#8221; shift_y=&#8221;0&#8243; z_index=&#8221;0&#8243; row_name=&#8221;Pricing&#8221;][vc_column][vc_row_inner equal_height=&#8221;yes&#8221; gap=&#8221;80&#8243;][vc_column_inner width=&#8221;1\/2&#8243;][vc_gallery type=&#8221;carousel&#8221; slides_per_view=&#8221;1&#8243; img_padding=&#8221;no&#8221; slideshow_speed=&#8221;6000&#8243; images=&#8221;7340,7350,7338,7336&#8243;][\/vc_column_inner][vc_column_inner width=&#8221;1\/2&#8243;][vc_column_text css_animation=&#8221;fadeIn&#8221; css_animation_delay=&#8221;200&#8243; css=&#8221;.vc_custom_1562164711582{margin-bottom: 15px !important;}&#8221;] A ROCK-HEWN CELLAR A FAMILY WINERY [\/vc_column_text][vc_column_text]We will be delighted to welcome you at the winery, to have you taste our wines and share our passion with you, in a family...Continue reading\" \/>\n<meta property=\"og:url\" content=\"https:\/\/www.vignoblealainrobert.com\/wine-tourism\/?lang=en\" \/>\n<meta property=\"og:site_name\" content=\"Vignoble Alain Robert - Vigneron \u00e0 Vouvray\" \/>\n<meta property=\"article:modified_time\" content=\"2020-10-06T15:13:31+00:00\" \/>\n<meta property=\"og:image\" content=\"https:\/\/www.vignoblealainrobert.com\/wp-content\/uploads\/2019\/07\/cave-touristique-300x201.jpg\" \/>\n<meta name=\"twitter:card\" content=\"summary_large_image\" \/>\n<meta name=\"twitter:label1\" content=\"Est. reading time\" \/>\n\t<meta name=\"twitter:data1\" content=\"2 minutes\" \/>\n<script type=\"application\/ld+json\" class=\"yoast-schema-graph\">{\"@context\":\"https:\\\/\\\/schema.org\",\"@graph\":[{\"@type\":\"WebPage\",\"@id\":\"https:\\\/\\\/www.vignoblealainrobert.com\\\/wine-tourism\\\/?lang=en\",\"url\":\"https:\\\/\\\/www.vignoblealainrobert.com\\\/wine-tourism\\\/?lang=en\",\"name\":\"Wine tourism - Vignoble Alain Robert - Vigneron \u00e0 Vouvray\",\"isPartOf\":{\"@id\":\"https:\\\/\\\/www.vignoblealainrobert.com\\\/#website\"},\"primaryImageOfPage\":{\"@id\":\"https:\\\/\\\/www.vignoblealainrobert.com\\\/wine-tourism\\\/?lang=en#primaryimage\"},\"image\":{\"@id\":\"https:\\\/\\\/www.vignoblealainrobert.com\\\/wine-tourism\\\/?lang=en#primaryimage\"},\"thumbnailUrl\":\"https:\\\/\\\/www.vignoblealainrobert.com\\\/wp-content\\\/uploads\\\/2019\\\/06\\\/bandeau-cave3.jpg\",\"datePublished\":\"2020-10-06T15:13:25+00:00\",\"dateModified\":\"2020-10-06T15:13:31+00:00\",\"breadcrumb\":{\"@id\":\"https:\\\/\\\/www.vignoblealainrobert.com\\\/wine-tourism\\\/?lang=en#breadcrumb\"},\"inLanguage\":\"en-US\",\"potentialAction\":[{\"@type\":\"ReadAction\",\"target\":[\"https:\\\/\\\/www.vignoblealainrobert.com\\\/wine-tourism\\\/?lang=en\"]}]},{\"@type\":\"ImageObject\",\"inLanguage\":\"en-US\",\"@id\":\"https:\\\/\\\/www.vignoblealainrobert.com\\\/wine-tourism\\\/?lang=en#primaryimage\",\"url\":\"https:\\\/\\\/www.vignoblealainrobert.com\\\/wp-content\\\/uploads\\\/2019\\\/06\\\/bandeau-cave3.jpg\",\"contentUrl\":\"https:\\\/\\\/www.vignoblealainrobert.com\\\/wp-content\\\/uploads\\\/2019\\\/06\\\/bandeau-cave3.jpg\",\"width\":1900,\"height\":581},{\"@type\":\"BreadcrumbList\",\"@id\":\"https:\\\/\\\/www.vignoblealainrobert.com\\\/wine-tourism\\\/?lang=en#breadcrumb\",\"itemListElement\":[{\"@type\":\"ListItem\",\"position\":1,\"name\":\"Accueil\",\"item\":\"https:\\\/\\\/www.vignoblealainrobert.com\\\/en\\\/home\\\/\"},{\"@type\":\"ListItem\",\"position\":2,\"name\":\"Wine tourism\"}]},{\"@type\":\"WebSite\",\"@id\":\"https:\\\/\\\/www.vignoblealainrobert.com\\\/#website\",\"url\":\"https:\\\/\\\/www.vignoblealainrobert.com\\\/\",\"name\":\"Vignoble Alain Robert - Vigneron \u00e0 Vouvray\",\"description\":\"Situ\u00e9 au coeur du Val de Loire, pr\u00e8s d\u2019Amboise, le Vignoble Alain Robert est un domaine familial class\u00e9 en appellation Vouvray, Cr\u00e9mant de Loire et Touraine. La propri\u00e9t\u00e9 propose la visite de ses caves dans le tuffeau, la vente directe de ses vins\u2026\",\"potentialAction\":[{\"@type\":\"SearchAction\",\"target\":{\"@type\":\"EntryPoint\",\"urlTemplate\":\"https:\\\/\\\/www.vignoblealainrobert.com\\\/?s={search_term_string}\"},\"query-input\":{\"@type\":\"PropertyValueSpecification\",\"valueRequired\":true,\"valueName\":\"search_term_string\"}}],\"inLanguage\":\"en-US\"}]}<\/script>\n<!-- \/ Yoast SEO plugin. -->","yoast_head_json":{"title":"Wine tourism - Vignoble Alain Robert - Vigneron \u00e0 Vouvray","robots":{"index":"index","follow":"follow","max-snippet":"max-snippet:-1","max-image-preview":"max-image-preview:large","max-video-preview":"max-video-preview:-1"},"canonical":"https:\/\/www.vignoblealainrobert.com\/wine-tourism\/?lang=en","og_locale":"en_US","og_type":"article","og_title":"Wine tourism - Vignoble Alain Robert - Vigneron \u00e0 Vouvray","og_description":"[vc_row equal_height=&#8221;&#8221; font_color=&#8221;dark&#8221; background_type=&#8221;image&#8221; background_img=&#8221;4232&#8243; background_repeat=&#8221;repeat&#8221; background_size=&#8221;default&#8221; shift_y=&#8221;0&#8243; z_index=&#8221;0&#8243; row_name=&#8221;Pricing&#8221;][vc_column][vc_row_inner equal_height=&#8221;yes&#8221; gap=&#8221;80&#8243;][vc_column_inner width=&#8221;1\/2&#8243;][vc_gallery type=&#8221;carousel&#8221; slides_per_view=&#8221;1&#8243; img_padding=&#8221;no&#8221; slideshow_speed=&#8221;6000&#8243; images=&#8221;7340,7350,7338,7336&#8243;][\/vc_column_inner][vc_column_inner width=&#8221;1\/2&#8243;][vc_column_text css_animation=&#8221;fadeIn&#8221; css_animation_delay=&#8221;200&#8243; css=&#8221;.vc_custom_1562164711582{margin-bottom: 15px !important;}&#8221;] A ROCK-HEWN CELLAR A FAMILY WINERY [\/vc_column_text][vc_column_text]We will be delighted to welcome you at the winery, to have you taste our wines and share our passion with you, in a family...Continue reading","og_url":"https:\/\/www.vignoblealainrobert.com\/wine-tourism\/?lang=en","og_site_name":"Vignoble Alain Robert - Vigneron \u00e0 Vouvray","article_modified_time":"2020-10-06T15:13:31+00:00","og_image":[{"url":"https:\/\/www.vignoblealainrobert.com\/wp-content\/uploads\/2019\/07\/cave-touristique-300x201.jpg","type":"","width":"","height":""}],"twitter_card":"summary_large_image","twitter_misc":{"Est. reading time":"2 minutes"},"schema":{"@context":"https:\/\/schema.org","@graph":[{"@type":"WebPage","@id":"https:\/\/www.vignoblealainrobert.com\/wine-tourism\/?lang=en","url":"https:\/\/www.vignoblealainrobert.com\/wine-tourism\/?lang=en","name":"Wine tourism - Vignoble Alain Robert - Vigneron \u00e0 Vouvray","isPartOf":{"@id":"https:\/\/www.vignoblealainrobert.com\/#website"},"primaryImageOfPage":{"@id":"https:\/\/www.vignoblealainrobert.com\/wine-tourism\/?lang=en#primaryimage"},"image":{"@id":"https:\/\/www.vignoblealainrobert.com\/wine-tourism\/?lang=en#primaryimage"},"thumbnailUrl":"https:\/\/www.vignoblealainrobert.com\/wp-content\/uploads\/2019\/06\/bandeau-cave3.jpg","datePublished":"2020-10-06T15:13:25+00:00","dateModified":"2020-10-06T15:13:31+00:00","breadcrumb":{"@id":"https:\/\/www.vignoblealainrobert.com\/wine-tourism\/?lang=en#breadcrumb"},"inLanguage":"en-US","potentialAction":[{"@type":"ReadAction","target":["https:\/\/www.vignoblealainrobert.com\/wine-tourism\/?lang=en"]}]},{"@type":"ImageObject","inLanguage":"en-US","@id":"https:\/\/www.vignoblealainrobert.com\/wine-tourism\/?lang=en#primaryimage","url":"https:\/\/www.vignoblealainrobert.com\/wp-content\/uploads\/2019\/06\/bandeau-cave3.jpg","contentUrl":"https:\/\/www.vignoblealainrobert.com\/wp-content\/uploads\/2019\/06\/bandeau-cave3.jpg","width":1900,"height":581},{"@type":"BreadcrumbList","@id":"https:\/\/www.vignoblealainrobert.com\/wine-tourism\/?lang=en#breadcrumb","itemListElement":[{"@type":"ListItem","position":1,"name":"Accueil","item":"https:\/\/www.vignoblealainrobert.com\/en\/home\/"},{"@type":"ListItem","position":2,"name":"Wine tourism"}]},{"@type":"WebSite","@id":"https:\/\/www.vignoblealainrobert.com\/#website","url":"https:\/\/www.vignoblealainrobert.com\/","name":"Vignoble Alain Robert - Vigneron \u00e0 Vouvray","description":"Situ\u00e9 au coeur du Val de Loire, pr\u00e8s d\u2019Amboise, le Vignoble Alain Robert est un domaine familial class\u00e9 en appellation Vouvray, Cr\u00e9mant de Loire et Touraine. La propri\u00e9t\u00e9 propose la visite de ses caves dans le tuffeau, la vente directe de ses vins\u2026","potentialAction":[{"@type":"SearchAction","target":{"@type":"EntryPoint","urlTemplate":"https:\/\/www.vignoblealainrobert.com\/?s={search_term_string}"},"query-input":{"@type":"PropertyValueSpecification","valueRequired":true,"valueName":"search_term_string"}}],"inLanguage":"en-US"}]}},"_links":{"self":[{"href":"https:\/\/www.vignoblealainrobert.com\/en\/wp-json\/wp\/v2\/pages\/7315","targetHints":{"allow":["GET"]}}],"collection":[{"href":"https:\/\/www.vignoblealainrobert.com\/en\/wp-json\/wp\/v2\/pages"}],"about":[{"href":"https:\/\/www.vignoblealainrobert.com\/en\/wp-json\/wp\/v2\/types\/page"}],"author":[{"embeddable":true,"href":"https:\/\/www.vignoblealainrobert.com\/en\/wp-json\/wp\/v2\/users\/1"}],"replies":[{"embeddable":true,"href":"https:\/\/www.vignoblealainrobert.com\/en\/wp-json\/wp\/v2\/comments?post=7315"}],"version-history":[{"count":0,"href":"https:\/\/www.vignoblealainrobert.com\/en\/wp-json\/wp\/v2\/pages\/7315\/revisions"}],"wp:featuredmedia":[{"embeddable":true,"href":"https:\/\/www.vignoblealainrobert.com\/en\/wp-json\/wp\/v2\/media\/7324"}],"wp:attachment":[{"href":"https:\/\/www.vignoblealainrobert.com\/en\/wp-json\/wp\/v2\/media?parent=7315"}],"curies":[{"name":"wp","href":"https:\/\/api.w.org\/{rel}","templated":true}]}}