{"id":7219,"date":"2020-10-06T16:50:45","date_gmt":"2020-10-06T14:50:45","guid":{"rendered":"https:\/\/www.vignoblealainrobert.com\/our-sparkling-wines\/"},"modified":"2020-10-20T11:30:10","modified_gmt":"2020-10-20T09:30:10","slug":"our-sparkling-wines","status":"publish","type":"page","link":"https:\/\/www.vignoblealainrobert.com\/en\/our-sparkling-wines\/","title":{"rendered":"Our sparkling wines"},"content":{"rendered":"<div class=\"wpb-content-wrapper\"><p>[vc_row equal_height=&#8221;&#8221; font_color=&#8221;dark&#8221; background_type=&#8221;image&#8221; background_img=&#8221;4232&#8243; background_repeat=&#8221;repeat&#8221; background_size=&#8221;default&#8221; background_img_lazyload=&#8221;1&#8243; shift_y=&#8221;0&#8243; z_index=&#8221;0&#8243; row_name=&#8221;Quote&#8221; el_class=&#8221;painted-top&#8221; css=&#8221;.vc_custom_1556879093054{padding-top: 50px !important;padding-bottom: 0px !important;}&#8221;][vc_column][vc_custom_heading text=&#8221;The effervescence of a terroir&#8221; font_size=&#8221;24&#8243; font_weight=&#8221;700&#8243; text_transform=&#8221;none&#8221; letter_spacing=&#8221;0&#8243; css_animation=&#8221;fadeIn&#8221; css_animation_delay=&#8221;200&#8243;][\/vc_column][\/vc_row][vc_row equal_height=&#8221;&#8221; font_color=&#8221;dark&#8221; background_type=&#8221;image&#8221; background_img=&#8221;5935&#8243; background_repeat=&#8221;repeat&#8221; background_size=&#8221;default&#8221; background_img_lazyload=&#8221;1&#8243; shift_y=&#8221;0&#8243; z_index=&#8221;0&#8243; row_name=&#8221;Quote&#8221; el_class=&#8221;painted-top&#8221; css=&#8221;.vc_custom_1556888213879{padding-top: 100px !important;padding-bottom: 100px !important;}&#8221;][vc_column][vc_row_inner][vc_column_inner][vc_custom_heading text=&#8221;VOUVRAY<br \/>\nM\u00e9thode Traditionnelle Extra Brut&#8221; font_size=&#8221;26&#8243; font_weight=&#8221;&#8221; text_transform=&#8221;none&#8221; letter_spacing=&#8221;0&#8243; css_animation=&#8221;fadeIn&#8221; css_animation_delay=&#8221;200&#8243;][vc_column_text css=&#8221;.vc_custom_1573554146703{margin-top: -20px !important;}&#8221;]<\/p>\n<p style=\"text-align: center;\"><em><strong>100% Chenin Blanc \u2013 Clay and flint soils \u2013 20 year-old vines &#8211; 30 to 36 months ageing in our rock-hewn cellar &#8211; No dosage<\/strong><br \/>\n<\/em><\/p>\n<p>[\/vc_column_text][\/vc_column_inner][\/vc_row_inner][vc_row_inner equal_height=&#8221;yes&#8221; gap=&#8221;80&#8243;][vc_column_inner width=&#8221;1\/2&#8243;][vc_single_image image=&#8221;7224&#8243; img_size=&#8221;large&#8221; full_width=&#8221;1&#8243; opacity=&#8221;100&#8243;][\/vc_column_inner][vc_column_inner width=&#8221;1\/2&#8243;][vc_column_text]This wine spends <g id=\"gid_0\">three years in our limestone cellar<\/g>, to obtain small bubbles and complex flavours in the bottle. <\/p>\n<p><u>The winemaker&#8217;s suggestion<\/u>: a wine to be served at every moment of your life, from the simplest to the most symbolic!<br \/>\nA gastronomy wine you can serve as an aperitif or during a meal with a carpaccio of scallops, smoked salmon or oysters.<\/p>\n<p><strong><em>Serve chilled (8 \u00b0 C) \u2013 Keep for 3 to 7 years<\/em><\/strong>[\/vc_column_text][\/vc_column_inner][\/vc_row_inner][\/vc_column][\/vc_row][vc_row equal_height=&#8221;&#8221; background_type=&#8221;image&#8221; background_color=&#8221;custom&#8221; background_repeat=&#8221;repeat&#8221; background_size=&#8221;default&#8221; background_img_lazyload=&#8221;1&#8243; shift_y=&#8221;0&#8243; z_index=&#8221;0&#8243; row_name=&#8221;Barbers&#8221; el_class=&#8221;painted-top painted-bottom&#8221; css=&#8221;.vc_custom_1562234123647{padding-top: 150px !important;padding-bottom: 150px !important;}&#8221; background_custom_color=&#8221;#c6b4a7&#8243;][vc_column][vc_row_inner][vc_column_inner][vc_custom_heading text=&#8221;VOUVRAY<br \/>\nM\u00e9thode Traditionnelle Troglodyte&#8221; font_size=&#8221;26&#8243; font_weight=&#8221;&#8221; text_transform=&#8221;none&#8221; letter_spacing=&#8221;0&#8243; css_animation=&#8221;fadeIn&#8221; css_animation_delay=&#8221;200&#8243;][vc_column_text css=&#8221;.vc_custom_1573554277102{margin-top: -20px !important;}&#8221;]<\/p>\n<p style=\"text-align: center;\"><em><strong>100% Chenin Blanc &#8211; Clay and limestone and clay and flint soils \u2013 20 year-old vines &#8211;<\/strong><\/em> <em><strong>16 to 24 months ageing in our rockhewn cellar<\/strong><\/em><\/p>\n<p>[\/vc_column_text][\/vc_column_inner][\/vc_row_inner][vc_row_inner equal_height=&#8221;yes&#8221; content_placement=&#8221;middle&#8221; gap=&#8221;80&#8243;][vc_column_inner width=&#8221;1\/2&#8243;][vc_column_text]<strong>Troglodytes<\/strong> are little birds that nest near our limestone cellars. When twittering, they cheerfully enliven the courtyards of the Loire Valley wineries. Believe us: this wine will sing with as much joy in your glass as the birds, thanks to its dashing and fine bubbles!  <\/p>\n<p><u>The winemaker&#8217;s suggestion<\/u>: <b>a wine<\/b> to drink as an aperitif, to celebrate unforgettable moments, until the end of the night.<\/p>\n<p>This wine is available exclusively from the retailers we partner with, and from the restaurants and importers we work with.<br \/>\nYou will find the addresses of the retailers we work with on the <a href=\"https:\/\/www.vignoblealainrobert.com\/where-to-find-our-wines\/?lang=en\">&#8220;Where to find our wines&#8221;<\/a> page.<\/p>\n<p><strong><em>Serve chilled (8 \u00b0 C) \u2013 Keep for 3 to 5 years<\/em><\/strong>[\/vc_column_text][\/vc_column_inner][vc_column_inner width=&#8221;1\/2&#8243;][vc_single_image image=&#8221;6382&#8243; img_size=&#8221;large&#8221; full_width=&#8221;1&#8243; opacity=&#8221;100&#8243;][\/vc_column_inner][\/vc_row_inner][\/vc_column][\/vc_row][vc_row equal_height=&#8221;&#8221; font_color=&#8221;dark&#8221; background_type=&#8221;image&#8221; background_img=&#8221;4232&#8243; background_repeat=&#8221;repeat&#8221; background_size=&#8221;default&#8221; background_img_lazyload=&#8221;1&#8243; shift_y=&#8221;0&#8243; z_index=&#8221;0&#8243; row_name=&#8221;Quote&#8221; el_class=&#8221;painted-top&#8221; css=&#8221;.vc_custom_1562318555220{padding-top: 100px !important;padding-bottom: 100px !important;}&#8221;][vc_column][vc_row_inner][vc_column_inner][vc_custom_heading text=&#8221;VOUVRAY<br \/>\nM\u00e9thode Traditionnelle Brut or Demi-Sec&#8221; font_size=&#8221;26&#8243; font_weight=&#8221;&#8221; text_transform=&#8221;none&#8221; letter_spacing=&#8221;0&#8243; css_animation=&#8221;fadeIn&#8221; css_animation_delay=&#8221;200&#8243;][vc_column_text css=&#8221;.vc_custom_1573554444598{margin-top: -20px !important;}&#8221;]<\/p>\n<p style=\"text-align: center;\"><em><strong>100% Chenin Blanc &#8211; Clay and limestone and clay and flint clay soils &#8211; 15 to 20 year-old vines<\/strong><br \/>\n<\/em><\/p>\n<p>[\/vc_column_text][\/vc_column_inner][\/vc_row_inner][vc_row_inner equal_height=&#8221;yes&#8221; gap=&#8221;80&#8243;][vc_column_inner width=&#8221;1\/2&#8243;][vc_single_image image=&#8221;7228&#8243; img_size=&#8221;large&#8221; full_width=&#8221;1&#8243; opacity=&#8221;100&#8243;][\/vc_column_inner][vc_column_inner width=&#8221;1\/2&#8243;][vc_column_text]This is our winery&#8217;s best seller.   <\/p>\n<p><u>The winemaker&#8217;s suggestion<\/u>: our <strong>Brut<\/strong> can be served as an ap\u00e9ritif, and will be ideal for all the celebrations and moments shared with your loved ones. Our <strong>Demi-Sec<\/strong> will pair perfectly with a dessert.<\/p>\n<p><strong><em>Serve chilled (8 \u00b0 C) \u2013 Keep for 3 to 5 years<\/em><\/strong>[\/vc_column_text][\/vc_column_inner][\/vc_row_inner][\/vc_column][\/vc_row][vc_row equal_height=&#8221;&#8221; background_type=&#8221;image&#8221; background_color=&#8221;custom&#8221; background_repeat=&#8221;repeat&#8221; background_size=&#8221;default&#8221; background_img_lazyload=&#8221;1&#8243; shift_y=&#8221;0&#8243; z_index=&#8221;0&#8243; row_name=&#8221;Barbers&#8221; el_class=&#8221;painted-top painted-bottom&#8221; css=&#8221;.vc_custom_1562233878525{padding-top: 150px !important;padding-bottom: 150px !important;}&#8221; background_custom_color=&#8221;#6b6b6b&#8221;][vc_column][vc_row_inner][vc_column_inner][vc_custom_heading text=&#8221;CR\u00c9MANT DE LOIRE<br \/>\nLe Funambule Brut &#8211; Blanc de Blancs&#8221; font_size=&#8221;26&#8243; font_weight=&#8221;&#8221; text_transform=&#8221;none&#8221; letter_spacing=&#8221;0&#8243; css_animation=&#8221;fadeIn&#8221; css_animation_delay=&#8221;200&#8243;][vc_column_text css=&#8221;.vc_custom_1573554493342{margin-top: -20px !important;}&#8221;]<\/p>\n<p style=\"text-align: center;\"><strong><em>80% Chardonnay, 20% Chenin Blanc \u2013 Clay and limestone and clay and flint soils \u2013 20 year-old vines<\/em><\/strong><\/p>\n<p>[\/vc_column_text][\/vc_column_inner][\/vc_row_inner][vc_row_inner equal_height=&#8221;yes&#8221; content_placement=&#8221;middle&#8221; gap=&#8221;80&#8243;][vc_column_inner width=&#8221;1\/2&#8243;][vc_column_text]Chardonnay and Chenin Blanc combine to give birth to this wine and to <g id=\"gid_0\">create a perfect balance<\/g>.  <\/p>\n<p><u>The winemaker&#8217;s suggestion<\/u>: from aperitif to dessert, the generosity of Chardonnay and the liveliness of Chenin Blanc will make the perfect pairing.<\/p>\n<p><strong><em>Serve chilled (8 \u00b0 C) \u2013 Keep for 3 to 5 years<\/em><\/strong>[\/vc_column_text][\/vc_column_inner][vc_column_inner width=&#8221;1\/2&#8243;][vc_single_image image=&#8221;7222&#8243; img_size=&#8221;large&#8221; full_width=&#8221;1&#8243; opacity=&#8221;100&#8243;][\/vc_column_inner][\/vc_row_inner][\/vc_column][\/vc_row][vc_row equal_height=&#8221;&#8221; font_color=&#8221;dark&#8221; background_type=&#8221;image&#8221; background_img=&#8221;4232&#8243; background_position=&#8221;right center&#8221; background_repeat=&#8221;repeat&#8221; background_size=&#8221;default&#8221; background_img_lazyload=&#8221;1&#8243; shift_y=&#8221;0&#8243; z_index=&#8221;0&#8243; row_name=&#8221;Pricing&#8221; css=&#8221;.vc_custom_1562318818999{padding-top: 100px !important;padding-bottom: 100px !important;}&#8221;][vc_column][vc_row_inner][vc_column_inner][vc_custom_heading text=&#8221;TOURAINE<br \/>\nM\u00e9thode Traditionnelle L&#8217;Entre-Deux &#8211; Ros\u00e9&#8221; font_size=&#8221;26&#8243; font_weight=&#8221;&#8221; text_transform=&#8221;none&#8221; letter_spacing=&#8221;0&#8243; css_animation=&#8221;fadeIn&#8221; css_animation_delay=&#8221;200&#8243;][vc_column_text css=&#8221;.vc_custom_1573555041084{margin-top: -20px !important;}&#8221;]<\/p>\n<p style=\"text-align: center;\"><strong><em>55% Pineau d&#8217;Aunis (also called Chenin Noir), 30% Grolleau and 15% Pinot Noir \u2013 Clay and limestone and clay and flint soils<\/em><\/strong><\/p>\n<p>[\/vc_column_text][\/vc_column_inner][\/vc_row_inner][vc_row_inner equal_height=&#8221;yes&#8221; gap=&#8221;80&#8243;][vc_column_inner width=&#8221;1\/2&#8243;][vc_single_image image=&#8221;6381&#8243; img_size=&#8221;large&#8221; full_width=&#8221;1&#8243; opacity=&#8221;100&#8243;][\/vc_column_inner][vc_column_inner width=&#8221;1\/2&#8243;][vc_column_text]A subtle blend of Pineau d&#8217;Aunis, Grolleau and Pinot Noir, this is the wine to drink in warm weather. A fresh and sparkling ros\u00e9 wine, with aromas of red fruit and spice. <\/p>\n<p><u>The winemaker&#8217;s suggestion<\/u>: ideal as an aperitif, in the middle of a warm afternoon or for a picnic by the beach, <strong>L\u2019Entre-Deux<\/strong> also pairs well with red fruit desserts (a strawberry pie for instance) or a milk chocolate cake. <\/p>\n<p><strong><em>Serve chilled (8 \u00b0 C) \u2013 Keep for 3 to 5 years<\/em><\/strong>[\/vc_column_text][\/vc_column_inner][\/vc_row_inner][\/vc_column][\/vc_row]<\/p>\n<\/div>","protected":false},"excerpt":{"rendered":"<p>[vc_row equal_height=&#8221;&#8221; font_color=&#8221;dark&#8221; background_type=&#8221;image&#8221; background_img=&#8221;4232&#8243; background_repeat=&#8221;repeat&#8221; background_size=&#8221;default&#8221; background_img_lazyload=&#8221;1&#8243; shift_y=&#8221;0&#8243; z_index=&#8221;0&#8243; row_name=&#8221;Quote&#8221; el_class=&#8221;painted-top&#8221; css=&#8221;.vc_custom_1556879093054{padding-top: 50px !important;padding-bottom: 0px !important;}&#8221;][vc_column][vc_custom_heading text=&#8221;The effervescence of a terroir&#8221; font_size=&#8221;24&#8243; font_weight=&#8221;700&#8243; text_transform=&#8221;none&#8221; letter_spacing=&#8221;0&#8243; css_animation=&#8221;fadeIn&#8221; css_animation_delay=&#8221;200&#8243;][\/vc_column][\/vc_row][vc_row equal_height=&#8221;&#8221; font_color=&#8221;dark&#8221; background_type=&#8221;image&#8221; background_img=&#8221;5935&#8243; background_repeat=&#8221;repeat&#8221; background_size=&#8221;default&#8221; background_img_lazyload=&#8221;1&#8243; shift_y=&#8221;0&#8243; z_index=&#8221;0&#8243; row_name=&#8221;Quote&#8221; el_class=&#8221;painted-top&#8221; css=&#8221;.vc_custom_1556888213879{padding-top: 100px !important;padding-bottom: 100px !important;}&#8221;][vc_column][vc_row_inner][vc_column_inner][vc_custom_heading text=&#8221;VOUVRAY M\u00e9thode Traditionnelle Extra Brut&#8221; font_size=&#8221;26&#8243; font_weight=&#8221;&#8221; text_transform=&#8221;none&#8221; letter_spacing=&#8221;0&#8243; css_animation=&#8221;fadeIn&#8221; css_animation_delay=&#8221;200&#8243;][vc_column_text&#8230;<\/p>\n<p><a rel=\"bookmark\" class=\"hares_button_alt wvc-button wvc-button-size-xs\" href=\"https:\/\/www.vignoblealainrobert.com\/en\/our-sparkling-wines\/\"><span>Continue reading<\/span><\/a><\/p>\n","protected":false},"author":1,"featured_media":0,"parent":0,"menu_order":0,"comment_status":"closed","ping_status":"closed","template":"","meta":{"footnotes":""},"class_list":{"0":"post-7219","1":"page","2":"type-page","3":"status-publish","4":"hentry","5":"entry","6":"clearfix","7":"entry-grid","8":"entry-columns-default","9":"entry-page-module-layout-standard","10":"no-post-thumbnail","11":"entry-page","13":"entry-page-grid"},"yoast_head":"<!-- This site is optimized with the Yoast SEO plugin v27.3 - https:\/\/yoast.com\/product\/yoast-seo-wordpress\/ -->\n<title>Our sparkling wines - Vignoble Alain Robert - Vigneron \u00e0 Vouvray<\/title>\n<meta name=\"robots\" content=\"index, follow, max-snippet:-1, max-image-preview:large, max-video-preview:-1\" \/>\n<link rel=\"canonical\" href=\"https:\/\/www.vignoblealainrobert.com\/our-sparkling-wines\/?lang=en\" \/>\n<meta property=\"og:locale\" content=\"en_US\" \/>\n<meta property=\"og:type\" content=\"article\" \/>\n<meta property=\"og:title\" content=\"Our sparkling wines - Vignoble Alain Robert - Vigneron \u00e0 Vouvray\" \/>\n<meta property=\"og:description\" content=\"[vc_row equal_height=&#8221;&#8221; font_color=&#8221;dark&#8221; background_type=&#8221;image&#8221; background_img=&#8221;4232&#8243; background_repeat=&#8221;repeat&#8221; background_size=&#8221;default&#8221; background_img_lazyload=&#8221;1&#8243; shift_y=&#8221;0&#8243; z_index=&#8221;0&#8243; row_name=&#8221;Quote&#8221; el_class=&#8221;painted-top&#8221; css=&#8221;.vc_custom_1556879093054{padding-top: 50px !important;padding-bottom: 0px !important;}&#8221;][vc_column][vc_custom_heading text=&#8221;The effervescence of a terroir&#8221; font_size=&#8221;24&#8243; font_weight=&#8221;700&#8243; text_transform=&#8221;none&#8221; letter_spacing=&#8221;0&#8243; css_animation=&#8221;fadeIn&#8221; css_animation_delay=&#8221;200&#8243;][\/vc_column][\/vc_row][vc_row equal_height=&#8221;&#8221; font_color=&#8221;dark&#8221; background_type=&#8221;image&#8221; background_img=&#8221;5935&#8243; background_repeat=&#8221;repeat&#8221; background_size=&#8221;default&#8221; background_img_lazyload=&#8221;1&#8243; shift_y=&#8221;0&#8243; z_index=&#8221;0&#8243; row_name=&#8221;Quote&#8221; el_class=&#8221;painted-top&#8221; css=&#8221;.vc_custom_1556888213879{padding-top: 100px !important;padding-bottom: 100px !important;}&#8221;][vc_column][vc_row_inner][vc_column_inner][vc_custom_heading text=&#8221;VOUVRAY M\u00e9thode Traditionnelle Extra Brut&#8221; font_size=&#8221;26&#8243; font_weight=&#8221;&#8221; text_transform=&#8221;none&#8221; letter_spacing=&#8221;0&#8243; css_animation=&#8221;fadeIn&#8221; css_animation_delay=&#8221;200&#8243;][vc_column_text...Continue reading\" \/>\n<meta property=\"og:url\" content=\"https:\/\/www.vignoblealainrobert.com\/our-sparkling-wines\/?lang=en\" \/>\n<meta property=\"og:site_name\" content=\"Vignoble Alain Robert - Vigneron \u00e0 Vouvray\" \/>\n<meta property=\"article:modified_time\" content=\"2020-10-20T09:30:10+00:00\" \/>\n<meta name=\"twitter:card\" content=\"summary_large_image\" \/>\n<meta name=\"twitter:label1\" content=\"Est. reading time\" \/>\n\t<meta name=\"twitter:data1\" content=\"6 minutes\" \/>\n<script type=\"application\/ld+json\" class=\"yoast-schema-graph\">{\"@context\":\"https:\\\/\\\/schema.org\",\"@graph\":[{\"@type\":\"WebPage\",\"@id\":\"https:\\\/\\\/www.vignoblealainrobert.com\\\/our-sparkling-wines\\\/?lang=en\",\"url\":\"https:\\\/\\\/www.vignoblealainrobert.com\\\/our-sparkling-wines\\\/?lang=en\",\"name\":\"Our sparkling wines - Vignoble Alain Robert - Vigneron \u00e0 Vouvray\",\"isPartOf\":{\"@id\":\"https:\\\/\\\/www.vignoblealainrobert.com\\\/#website\"},\"datePublished\":\"2020-10-06T14:50:45+00:00\",\"dateModified\":\"2020-10-20T09:30:10+00:00\",\"breadcrumb\":{\"@id\":\"https:\\\/\\\/www.vignoblealainrobert.com\\\/our-sparkling-wines\\\/?lang=en#breadcrumb\"},\"inLanguage\":\"en-US\",\"potentialAction\":[{\"@type\":\"ReadAction\",\"target\":[\"https:\\\/\\\/www.vignoblealainrobert.com\\\/our-sparkling-wines\\\/?lang=en\"]}]},{\"@type\":\"BreadcrumbList\",\"@id\":\"https:\\\/\\\/www.vignoblealainrobert.com\\\/our-sparkling-wines\\\/?lang=en#breadcrumb\",\"itemListElement\":[{\"@type\":\"ListItem\",\"position\":1,\"name\":\"Accueil\",\"item\":\"https:\\\/\\\/www.vignoblealainrobert.com\\\/en\\\/home\\\/\"},{\"@type\":\"ListItem\",\"position\":2,\"name\":\"Our sparkling wines\"}]},{\"@type\":\"WebSite\",\"@id\":\"https:\\\/\\\/www.vignoblealainrobert.com\\\/#website\",\"url\":\"https:\\\/\\\/www.vignoblealainrobert.com\\\/\",\"name\":\"Vignoble Alain Robert - Vigneron \u00e0 Vouvray\",\"description\":\"Situ\u00e9 au coeur du Val de Loire, pr\u00e8s d\u2019Amboise, le Vignoble Alain Robert est un domaine familial class\u00e9 en appellation Vouvray, Cr\u00e9mant de Loire et Touraine. La propri\u00e9t\u00e9 propose la visite de ses caves dans le tuffeau, la vente directe de ses vins\u2026\",\"potentialAction\":[{\"@type\":\"SearchAction\",\"target\":{\"@type\":\"EntryPoint\",\"urlTemplate\":\"https:\\\/\\\/www.vignoblealainrobert.com\\\/?s={search_term_string}\"},\"query-input\":{\"@type\":\"PropertyValueSpecification\",\"valueRequired\":true,\"valueName\":\"search_term_string\"}}],\"inLanguage\":\"en-US\"}]}<\/script>\n<!-- \/ Yoast SEO plugin. -->","yoast_head_json":{"title":"Our sparkling wines - Vignoble Alain Robert - Vigneron \u00e0 Vouvray","robots":{"index":"index","follow":"follow","max-snippet":"max-snippet:-1","max-image-preview":"max-image-preview:large","max-video-preview":"max-video-preview:-1"},"canonical":"https:\/\/www.vignoblealainrobert.com\/our-sparkling-wines\/?lang=en","og_locale":"en_US","og_type":"article","og_title":"Our sparkling wines - Vignoble Alain Robert - Vigneron \u00e0 Vouvray","og_description":"[vc_row equal_height=&#8221;&#8221; font_color=&#8221;dark&#8221; background_type=&#8221;image&#8221; background_img=&#8221;4232&#8243; background_repeat=&#8221;repeat&#8221; background_size=&#8221;default&#8221; background_img_lazyload=&#8221;1&#8243; shift_y=&#8221;0&#8243; z_index=&#8221;0&#8243; row_name=&#8221;Quote&#8221; el_class=&#8221;painted-top&#8221; css=&#8221;.vc_custom_1556879093054{padding-top: 50px !important;padding-bottom: 0px !important;}&#8221;][vc_column][vc_custom_heading text=&#8221;The effervescence of a terroir&#8221; font_size=&#8221;24&#8243; font_weight=&#8221;700&#8243; text_transform=&#8221;none&#8221; letter_spacing=&#8221;0&#8243; css_animation=&#8221;fadeIn&#8221; css_animation_delay=&#8221;200&#8243;][\/vc_column][\/vc_row][vc_row equal_height=&#8221;&#8221; font_color=&#8221;dark&#8221; background_type=&#8221;image&#8221; background_img=&#8221;5935&#8243; background_repeat=&#8221;repeat&#8221; background_size=&#8221;default&#8221; background_img_lazyload=&#8221;1&#8243; shift_y=&#8221;0&#8243; z_index=&#8221;0&#8243; row_name=&#8221;Quote&#8221; el_class=&#8221;painted-top&#8221; css=&#8221;.vc_custom_1556888213879{padding-top: 100px !important;padding-bottom: 100px !important;}&#8221;][vc_column][vc_row_inner][vc_column_inner][vc_custom_heading text=&#8221;VOUVRAY M\u00e9thode Traditionnelle Extra Brut&#8221; font_size=&#8221;26&#8243; font_weight=&#8221;&#8221; text_transform=&#8221;none&#8221; letter_spacing=&#8221;0&#8243; css_animation=&#8221;fadeIn&#8221; css_animation_delay=&#8221;200&#8243;][vc_column_text...Continue reading","og_url":"https:\/\/www.vignoblealainrobert.com\/our-sparkling-wines\/?lang=en","og_site_name":"Vignoble Alain Robert - Vigneron \u00e0 Vouvray","article_modified_time":"2020-10-20T09:30:10+00:00","twitter_card":"summary_large_image","twitter_misc":{"Est. reading time":"6 minutes"},"schema":{"@context":"https:\/\/schema.org","@graph":[{"@type":"WebPage","@id":"https:\/\/www.vignoblealainrobert.com\/our-sparkling-wines\/?lang=en","url":"https:\/\/www.vignoblealainrobert.com\/our-sparkling-wines\/?lang=en","name":"Our sparkling wines - Vignoble Alain Robert - Vigneron \u00e0 Vouvray","isPartOf":{"@id":"https:\/\/www.vignoblealainrobert.com\/#website"},"datePublished":"2020-10-06T14:50:45+00:00","dateModified":"2020-10-20T09:30:10+00:00","breadcrumb":{"@id":"https:\/\/www.vignoblealainrobert.com\/our-sparkling-wines\/?lang=en#breadcrumb"},"inLanguage":"en-US","potentialAction":[{"@type":"ReadAction","target":["https:\/\/www.vignoblealainrobert.com\/our-sparkling-wines\/?lang=en"]}]},{"@type":"BreadcrumbList","@id":"https:\/\/www.vignoblealainrobert.com\/our-sparkling-wines\/?lang=en#breadcrumb","itemListElement":[{"@type":"ListItem","position":1,"name":"Accueil","item":"https:\/\/www.vignoblealainrobert.com\/en\/home\/"},{"@type":"ListItem","position":2,"name":"Our sparkling wines"}]},{"@type":"WebSite","@id":"https:\/\/www.vignoblealainrobert.com\/#website","url":"https:\/\/www.vignoblealainrobert.com\/","name":"Vignoble Alain Robert - Vigneron \u00e0 Vouvray","description":"Situ\u00e9 au coeur du Val de Loire, pr\u00e8s d\u2019Amboise, le Vignoble Alain Robert est un domaine familial class\u00e9 en appellation Vouvray, Cr\u00e9mant de Loire et Touraine. La propri\u00e9t\u00e9 propose la visite de ses caves dans le tuffeau, la vente directe de ses vins\u2026","potentialAction":[{"@type":"SearchAction","target":{"@type":"EntryPoint","urlTemplate":"https:\/\/www.vignoblealainrobert.com\/?s={search_term_string}"},"query-input":{"@type":"PropertyValueSpecification","valueRequired":true,"valueName":"search_term_string"}}],"inLanguage":"en-US"}]}},"_links":{"self":[{"href":"https:\/\/www.vignoblealainrobert.com\/en\/wp-json\/wp\/v2\/pages\/7219","targetHints":{"allow":["GET"]}}],"collection":[{"href":"https:\/\/www.vignoblealainrobert.com\/en\/wp-json\/wp\/v2\/pages"}],"about":[{"href":"https:\/\/www.vignoblealainrobert.com\/en\/wp-json\/wp\/v2\/types\/page"}],"author":[{"embeddable":true,"href":"https:\/\/www.vignoblealainrobert.com\/en\/wp-json\/wp\/v2\/users\/1"}],"replies":[{"embeddable":true,"href":"https:\/\/www.vignoblealainrobert.com\/en\/wp-json\/wp\/v2\/comments?post=7219"}],"version-history":[{"count":0,"href":"https:\/\/www.vignoblealainrobert.com\/en\/wp-json\/wp\/v2\/pages\/7219\/revisions"}],"wp:attachment":[{"href":"https:\/\/www.vignoblealainrobert.com\/en\/wp-json\/wp\/v2\/media?parent=7219"}],"curies":[{"name":"wp","href":"https:\/\/api.w.org\/{rel}","templated":true}]}}